{"id":133,"date":"2017-06-01T12:14:56","date_gmt":"2017-06-01T12:14:56","guid":{"rendered":"http:\/\/neu.bluegrass-breakdown.de\/?page_id=133"},"modified":"2024-11-04T10:23:49","modified_gmt":"2024-11-04T10:23:49","slug":"presse","status":"publish","type":"page","link":"http:\/\/www.bluegrass-breakdown.de\/?page_id=133","title":{"rendered":"PRESSE"},"content":{"rendered":"<p>&#8222;Das Feuer brennt noch bei Bluegrass Breakdown, der schnellsten Bluegrass-Truppe, die die Stadt zu bieten hat.&#8220;<br \/>\n<em>(&#8222;Studio3&#8220;-Beitrag des RBB-Fernsehen am 16. M\u00e4rz 2023)<\/em><\/p>\n<p>&#8222;Als Urgestein der deutschen Szene darf dagegen<span class=\"Apple-converted-space\">\u00a0<\/span>Bluegrass Breakdown betrachtet werden, deren Mitglieder mit virtuoser Instrumentaltechnik und exzellentem Satzgesang beweisen, dass blaues Gras besonders auch in der Zwetschgenstadt gut gedeiht.&#8220;<br \/>\n<em>(&#8222;Badisches Tagblatt&#8220; zum Bluegrass Festival B\u00fchl, 20. Mai 2019)<\/em><\/p>\n<p>\u201c&#8230; l\u00e4\u00dft keinen Augenblick Langeweile aufkommen. &#8230; Die Freude am Spielen ist f\u00f6rmlich sp\u00fcrbar und \u00fcbertr\u00e4gt sich augenblicklich auf das gesamte Publikum. &#8230; Authentischer und perfekter w\u00fcrde es auch von einer amerikanischen Profiband nicht klingen!\u201d<br \/>\n<em>(Bernd Laudi, Western Mail)<\/em><\/p>\n<p>\u201cStimmung garantiert &#8230; von der Berliner Szene nicht mehr wegzudenken &#8230; virtuose Instrumentaltechnnik, verbunden mit vierstimmigem Satzgesang &#8230; die Freude am Musizieren, die die f\u00fcnf Musiker bei ihren Konzerten ausstrahlen, \u00fcbertr\u00e4gt sich regelm\u00e4\u00dfig auf das Publikum und zieht nicht nur Fans und Insider in ihren Bann.\u201d<br \/>\n<em>\u2028(Music Scene Berlin)<\/em><\/p>\n<p>\u201cBLUEGRASS BREAKDOWN, Berlins Bluegrass-Music-Aush\u00e4ngeschild &#8230; die virtuose Beherrschung der Instrumente und der exzellente Satzgesang haben sie bekannt gemacht. &#8230; Sie musizieren echt aus Vergn\u00fcgen.\u201d<br \/>\n<em>\u2028(Alabama Country-Music News, Berlin)<\/em><\/p>\n<p>\u201c&#8230;Bluegrass Breakdown, die schnellste Bluegrass-Truppe&#8230;, die diese Stadt aufzubieten hat.\u201d<br \/>\n<em>\u2028(Peter M\u00fcller, Berliner Morgenpost)<\/em><\/p>\n<p>\u201cMeister auf Instrumenten &#8230; F\u00fcnf Instrumente, die zeitweise mit einer Geschwindigkeit \u2018bearbeitet\u2019 werden, da\u00df manchem Zuschauer schwindelig wird.\u201d<br \/>\n<em>(Der Nord-Berliner)<\/em><\/p>\n<p>\u201c&#8230;\u2019Bluegrass Breakdown\u2019 aus Berlin, die es wohl mit jeder amerikanischen Originalformation dieses stilistischen Genres aufnehmen k\u00f6nnten. Die sozusagen atemlose Motorik dieser Musik, deren schnelle Sechzehntel immer etwas an das eilige Rattern dampfender Union-Pacific-Z\u00fcge erinnern, wird von den f\u00fcnf Instrumentalisten ganz hervorragend durchgehalten, in jedem Song mit neuer Schwungkraft gestartet.\u201d<br \/>\n<em>\u2028(Jochen Metzner, Tagesspiegel, Berlin)<\/em><\/p>\n<p>\u201cMit Banjo, E-Bass, Geige, Gitarre und Mandoline brennen sie wahre Feuerwerke mitrei\u00dfender Songs ab, verstehen sich aber genauso gut auf einf\u00fchlsame Baladen. Ausgefeilter vierstimmiger Satzgesang, auch a-cappella, geh\u00f6rt ebenso zu den Markenzeichen der Band wie kabarettistisch lockere Spr\u00fcche.\u201d<br \/>\n<em>(Eva Schmidt, Der Nord-Berliner)<\/em><\/p>\n<p>\u201cOb es Titel der eignen aktuellen CD &#8222;Follow The Stars&#8220; waren\u00a0oder wundersch\u00f6ne a-capella Titel, Bluegrass Breakdown ist\u00a0 ein Garant f\u00fcr qualitativ hochwertige Unterhaltung\u201d.<br \/>\n<em>\u2028(Kai Ulatowski, Western Mail)<\/em><\/p>\n<hr \/>\n<p><strong>DOWNLOAD PRESSEMATERIAL<\/strong><\/p>\n<p>Pressetext<br \/>\n<a href=\"http:\/\/neu.bluegrass-breakdown.de\/wp-content\/uploads\/2024\/11\/Bandinfo-Bluegrass-Breakdown-3.doc\">Bandinfo &#8211; Bluegrass Breakdown<\/a><\/p>\n<p><a href=\"http:\/\/neu.bluegrass-breakdown.de\/wp-content\/uploads\/2018\/05\/presse_neu.jpg\"><img decoding=\"async\" loading=\"lazy\" class=\"alignnone wp-image-617 size-medium\" src=\"http:\/\/neu.bluegrass-breakdown.de\/wp-content\/uploads\/2018\/05\/presse_neu-300x298.jpg\" alt=\"\" width=\"300\" height=\"298\" srcset=\"http:\/\/neu.bluegrass-breakdown.de\/wp-content\/uploads\/2018\/05\/presse_neu-300x298.jpg 300w, http:\/\/neu.bluegrass-breakdown.de\/wp-content\/uploads\/2018\/05\/presse_neu-150x150.jpg 150w, http:\/\/neu.bluegrass-breakdown.de\/wp-content\/uploads\/2018\/05\/presse_neu-768x762.jpg 768w, http:\/\/neu.bluegrass-breakdown.de\/wp-content\/uploads\/2018\/05\/presse_neu-1024x1016.jpg 1024w\" sizes=\"(max-width: 300px) 100vw, 300px\" \/><\/a><br \/>\nPressefoto 3382 x 3355 Pixel 2,6 MB<\/p>\n<p><a href=\"http:\/\/neu.bluegrass-breakdown.de\/wp-content\/uploads\/2018\/05\/presse_alt.png\"><img decoding=\"async\" loading=\"lazy\" class=\"alignnone wp-image-620 size-medium\" src=\"http:\/\/neu.bluegrass-breakdown.de\/wp-content\/uploads\/2018\/05\/presse_alt-300x218.png\" alt=\"\" width=\"300\" height=\"218\" srcset=\"http:\/\/neu.bluegrass-breakdown.de\/wp-content\/uploads\/2018\/05\/presse_alt-300x218.png 300w, http:\/\/neu.bluegrass-breakdown.de\/wp-content\/uploads\/2018\/05\/presse_alt-768x558.png 768w, http:\/\/neu.bluegrass-breakdown.de\/wp-content\/uploads\/2018\/05\/presse_alt-1024x744.png 1024w\" sizes=\"(max-width: 300px) 100vw, 300px\" \/><\/a><br \/>\nPressefoto 4879 x 3547 Pixel 24 MB<\/p>\n<figure id=\"attachment_589\" aria-describedby=\"caption-attachment-589\" style=\"width: 300px\" class=\"wp-caption alignnone\"><a href=\"http:\/\/neu.bluegrass-breakdown.de\/wp-content\/uploads\/2017\/06\/Presse_BB.jpeg\"><img decoding=\"async\" loading=\"lazy\" class=\"size-medium wp-image-589\" src=\"http:\/\/neu.bluegrass-breakdown.de\/wp-content\/uploads\/2017\/06\/Presse_BB-300x225.jpeg\" alt=\"\" width=\"300\" height=\"225\" srcset=\"http:\/\/neu.bluegrass-breakdown.de\/wp-content\/uploads\/2017\/06\/Presse_BB-300x225.jpeg 300w, http:\/\/neu.bluegrass-breakdown.de\/wp-content\/uploads\/2017\/06\/Presse_BB-768x576.jpeg 768w, http:\/\/neu.bluegrass-breakdown.de\/wp-content\/uploads\/2017\/06\/Presse_BB-1024x768.jpeg 1024w\" sizes=\"(max-width: 300px) 100vw, 300px\" \/><\/a><figcaption id=\"caption-attachment-589\" class=\"wp-caption-text\">Pressefoto 3768 x 2826 Pixel 11 MB<\/figcaption><\/figure>\n<figure id=\"attachment_590\" aria-describedby=\"caption-attachment-590\" style=\"width: 300px\" class=\"wp-caption alignnone\"><a href=\"http:\/\/neu.bluegrass-breakdown.de\/wp-content\/uploads\/2017\/06\/P5097966_1024x768.jpg\"><img decoding=\"async\" loading=\"lazy\" class=\"size-medium wp-image-590\" src=\"http:\/\/neu.bluegrass-breakdown.de\/wp-content\/uploads\/2017\/06\/P5097966_1024x768-300x225.jpg\" alt=\"\" width=\"300\" height=\"225\" srcset=\"http:\/\/neu.bluegrass-breakdown.de\/wp-content\/uploads\/2017\/06\/P5097966_1024x768-300x225.jpg 300w, http:\/\/neu.bluegrass-breakdown.de\/wp-content\/uploads\/2017\/06\/P5097966_1024x768-768x576.jpg 768w, http:\/\/neu.bluegrass-breakdown.de\/wp-content\/uploads\/2017\/06\/P5097966_1024x768.jpg 1024w\" sizes=\"(max-width: 300px) 100vw, 300px\" \/><\/a><figcaption id=\"caption-attachment-590\" class=\"wp-caption-text\">Presse Bluegrass Breakdown 1024&#215;768 Pixel 611 KB<\/figcaption><\/figure>\n<p>&nbsp;<\/p>\n","protected":false},"excerpt":{"rendered":"<p>&#8222;Das Feuer brennt noch bei Bluegrass Breakdown, der schnellsten Bluegrass-Truppe, die die Stadt zu bieten hat.&#8220; (&#8222;Studio3&#8220;-Beitrag des RBB-Fernsehen am 16. M\u00e4rz 2023) &#8222;Als Urgestein der deutschen Szene darf dagegen\u00a0Bluegrass Breakdown betrachtet werden, deren Mitglieder mit virtuoser Instrumentaltechnik und exzellentem Satzgesang beweisen, dass blaues Gras besonders auch in der Zwetschgenstadt gut gedeiht.&#8220; (&#8222;Badisches Tagblatt&#8220; zum [&hellip;]<\/p>\n","protected":false},"author":1,"featured_media":0,"parent":0,"menu_order":0,"comment_status":"closed","ping_status":"closed","template":"","meta":{"_monsterinsights_skip_tracking":false,"_monsterinsights_sitenote_active":false,"_monsterinsights_sitenote_note":"","_monsterinsights_sitenote_category":0,"footnotes":""},"yoast_head":"<!-- This site is optimized with the Yoast SEO plugin v21.5 - https:\/\/yoast.com\/wordpress\/plugins\/seo\/ -->\n<title>PRESSE - Bluegrass Breakdown<\/title>\n<meta name=\"robots\" content=\"index, follow, max-snippet:-1, max-image-preview:large, max-video-preview:-1\" \/>\n<link rel=\"canonical\" href=\"http:\/\/www.bluegrass-breakdown.de\/?page_id=133\" \/>\n<meta property=\"og:locale\" content=\"de_DE\" \/>\n<meta property=\"og:type\" content=\"article\" \/>\n<meta property=\"og:title\" content=\"PRESSE - Bluegrass Breakdown\" \/>\n<meta property=\"og:description\" content=\"&#8222;Das Feuer brennt noch bei Bluegrass Breakdown, der schnellsten Bluegrass-Truppe, die die Stadt zu bieten hat.&#8220; (&#8222;Studio3&#8220;-Beitrag des RBB-Fernsehen am 16. M\u00e4rz 2023) &#8222;Als Urgestein der deutschen Szene darf dagegen\u00a0Bluegrass Breakdown betrachtet werden, deren Mitglieder mit virtuoser Instrumentaltechnik und exzellentem Satzgesang beweisen, dass blaues Gras besonders auch in der Zwetschgenstadt gut gedeiht.&#8220; (&#8222;Badisches Tagblatt&#8220; zum [&hellip;]\" \/>\n<meta property=\"og:url\" content=\"http:\/\/www.bluegrass-breakdown.de\/?page_id=133\" \/>\n<meta property=\"og:site_name\" content=\"Bluegrass Breakdown\" \/>\n<meta property=\"article:modified_time\" content=\"2024-11-04T10:23:49+00:00\" \/>\n<meta property=\"og:image\" content=\"http:\/\/neu.bluegrass-breakdown.de\/wp-content\/uploads\/2018\/05\/presse_neu-300x298.jpg\" \/>\n<meta name=\"twitter:card\" content=\"summary_large_image\" \/>\n<meta name=\"twitter:label1\" content=\"Gesch\u00e4tzte Lesezeit\" \/>\n\t<meta name=\"twitter:data1\" content=\"3\u00a0Minuten\" \/>\n<script type=\"application\/ld+json\" class=\"yoast-schema-graph\">{\"@context\":\"https:\/\/schema.org\",\"@graph\":[{\"@type\":\"WebPage\",\"@id\":\"http:\/\/www.bluegrass-breakdown.de\/?page_id=133\",\"url\":\"http:\/\/www.bluegrass-breakdown.de\/?page_id=133\",\"name\":\"PRESSE - Bluegrass Breakdown\",\"isPartOf\":{\"@id\":\"http:\/\/www.bluegrass-breakdown.de\/#website\"},\"datePublished\":\"2017-06-01T12:14:56+00:00\",\"dateModified\":\"2024-11-04T10:23:49+00:00\",\"breadcrumb\":{\"@id\":\"http:\/\/www.bluegrass-breakdown.de\/?page_id=133#breadcrumb\"},\"inLanguage\":\"de\",\"potentialAction\":[{\"@type\":\"ReadAction\",\"target\":[\"http:\/\/www.bluegrass-breakdown.de\/?page_id=133\"]}]},{\"@type\":\"BreadcrumbList\",\"@id\":\"http:\/\/www.bluegrass-breakdown.de\/?page_id=133#breadcrumb\",\"itemListElement\":[{\"@type\":\"ListItem\",\"position\":1,\"name\":\"Startseite\",\"item\":\"http:\/\/www.bluegrass-breakdown.de\/\"},{\"@type\":\"ListItem\",\"position\":2,\"name\":\"PRESSE\"}]},{\"@type\":\"WebSite\",\"@id\":\"http:\/\/www.bluegrass-breakdown.de\/#website\",\"url\":\"http:\/\/www.bluegrass-breakdown.de\/\",\"name\":\"Bluegrass Breakdown\",\"description\":\"Bluegrass aus Berlin     handgemacht seit 1982\",\"publisher\":{\"@id\":\"http:\/\/www.bluegrass-breakdown.de\/#organization\"},\"potentialAction\":[{\"@type\":\"SearchAction\",\"target\":{\"@type\":\"EntryPoint\",\"urlTemplate\":\"http:\/\/www.bluegrass-breakdown.de\/?s={search_term_string}\"},\"query-input\":\"required name=search_term_string\"}],\"inLanguage\":\"de\"},{\"@type\":\"Organization\",\"@id\":\"http:\/\/www.bluegrass-breakdown.de\/#organization\",\"name\":\"Bluegrass Breakdown\",\"url\":\"http:\/\/www.bluegrass-breakdown.de\/\",\"logo\":{\"@type\":\"ImageObject\",\"inLanguage\":\"de\",\"@id\":\"http:\/\/www.bluegrass-breakdown.de\/#\/schema\/logo\/image\/\",\"url\":\"\",\"contentUrl\":\"\",\"caption\":\"Bluegrass Breakdown\"},\"image\":{\"@id\":\"http:\/\/www.bluegrass-breakdown.de\/#\/schema\/logo\/image\/\"}}]}<\/script>\n<!-- \/ Yoast SEO plugin. -->","yoast_head_json":{"title":"PRESSE - Bluegrass Breakdown","robots":{"index":"index","follow":"follow","max-snippet":"max-snippet:-1","max-image-preview":"max-image-preview:large","max-video-preview":"max-video-preview:-1"},"canonical":"http:\/\/www.bluegrass-breakdown.de\/?page_id=133","og_locale":"de_DE","og_type":"article","og_title":"PRESSE - Bluegrass Breakdown","og_description":"&#8222;Das Feuer brennt noch bei Bluegrass Breakdown, der schnellsten Bluegrass-Truppe, die die Stadt zu bieten hat.&#8220; (&#8222;Studio3&#8220;-Beitrag des RBB-Fernsehen am 16. M\u00e4rz 2023) &#8222;Als Urgestein der deutschen Szene darf dagegen\u00a0Bluegrass Breakdown betrachtet werden, deren Mitglieder mit virtuoser Instrumentaltechnik und exzellentem Satzgesang beweisen, dass blaues Gras besonders auch in der Zwetschgenstadt gut gedeiht.&#8220; (&#8222;Badisches Tagblatt&#8220; zum [&hellip;]","og_url":"http:\/\/www.bluegrass-breakdown.de\/?page_id=133","og_site_name":"Bluegrass Breakdown","article_modified_time":"2024-11-04T10:23:49+00:00","og_image":[{"url":"http:\/\/neu.bluegrass-breakdown.de\/wp-content\/uploads\/2018\/05\/presse_neu-300x298.jpg"}],"twitter_card":"summary_large_image","twitter_misc":{"Gesch\u00e4tzte Lesezeit":"3\u00a0Minuten"},"schema":{"@context":"https:\/\/schema.org","@graph":[{"@type":"WebPage","@id":"http:\/\/www.bluegrass-breakdown.de\/?page_id=133","url":"http:\/\/www.bluegrass-breakdown.de\/?page_id=133","name":"PRESSE - Bluegrass Breakdown","isPartOf":{"@id":"http:\/\/www.bluegrass-breakdown.de\/#website"},"datePublished":"2017-06-01T12:14:56+00:00","dateModified":"2024-11-04T10:23:49+00:00","breadcrumb":{"@id":"http:\/\/www.bluegrass-breakdown.de\/?page_id=133#breadcrumb"},"inLanguage":"de","potentialAction":[{"@type":"ReadAction","target":["http:\/\/www.bluegrass-breakdown.de\/?page_id=133"]}]},{"@type":"BreadcrumbList","@id":"http:\/\/www.bluegrass-breakdown.de\/?page_id=133#breadcrumb","itemListElement":[{"@type":"ListItem","position":1,"name":"Startseite","item":"http:\/\/www.bluegrass-breakdown.de\/"},{"@type":"ListItem","position":2,"name":"PRESSE"}]},{"@type":"WebSite","@id":"http:\/\/www.bluegrass-breakdown.de\/#website","url":"http:\/\/www.bluegrass-breakdown.de\/","name":"Bluegrass Breakdown","description":"Bluegrass aus Berlin     handgemacht seit 1982","publisher":{"@id":"http:\/\/www.bluegrass-breakdown.de\/#organization"},"potentialAction":[{"@type":"SearchAction","target":{"@type":"EntryPoint","urlTemplate":"http:\/\/www.bluegrass-breakdown.de\/?s={search_term_string}"},"query-input":"required name=search_term_string"}],"inLanguage":"de"},{"@type":"Organization","@id":"http:\/\/www.bluegrass-breakdown.de\/#organization","name":"Bluegrass Breakdown","url":"http:\/\/www.bluegrass-breakdown.de\/","logo":{"@type":"ImageObject","inLanguage":"de","@id":"http:\/\/www.bluegrass-breakdown.de\/#\/schema\/logo\/image\/","url":"","contentUrl":"","caption":"Bluegrass Breakdown"},"image":{"@id":"http:\/\/www.bluegrass-breakdown.de\/#\/schema\/logo\/image\/"}}]}},"_links":{"self":[{"href":"http:\/\/www.bluegrass-breakdown.de\/index.php?rest_route=\/wp\/v2\/pages\/133"}],"collection":[{"href":"http:\/\/www.bluegrass-breakdown.de\/index.php?rest_route=\/wp\/v2\/pages"}],"about":[{"href":"http:\/\/www.bluegrass-breakdown.de\/index.php?rest_route=\/wp\/v2\/types\/page"}],"author":[{"embeddable":true,"href":"http:\/\/www.bluegrass-breakdown.de\/index.php?rest_route=\/wp\/v2\/users\/1"}],"replies":[{"embeddable":true,"href":"http:\/\/www.bluegrass-breakdown.de\/index.php?rest_route=%2Fwp%2Fv2%2Fcomments&post=133"}],"version-history":[{"count":17,"href":"http:\/\/www.bluegrass-breakdown.de\/index.php?rest_route=\/wp\/v2\/pages\/133\/revisions"}],"predecessor-version":[{"id":1003,"href":"http:\/\/www.bluegrass-breakdown.de\/index.php?rest_route=\/wp\/v2\/pages\/133\/revisions\/1003"}],"wp:attachment":[{"href":"http:\/\/www.bluegrass-breakdown.de\/index.php?rest_route=%2Fwp%2Fv2%2Fmedia&parent=133"}],"curies":[{"name":"wp","href":"https:\/\/api.w.org\/{rel}","templated":true}]}}