{"id":40,"date":"2017-06-01T07:57:05","date_gmt":"2017-06-01T07:57:05","guid":{"rendered":"http:\/\/neu.bluegrass-breakdown.de\/?page_id=40"},"modified":"2024-11-14T17:10:25","modified_gmt":"2024-11-14T17:10:25","slug":"band-2","status":"publish","type":"page","link":"http:\/\/www.bluegrass-breakdown.de\/?page_id=40","title":{"rendered":"BAND"},"content":{"rendered":"<h3>\u201eBluegrass Breakdown&#8220; sind:<\/h3>\n<p><strong><br \/>\nCarola Adam (guitar, voc)<\/strong><\/p>\n<h2><img decoding=\"async\" loading=\"lazy\" class=\"wp-image-119 alignright\" src=\"http:\/\/neu.bluegrass-breakdown.de\/wp-content\/uploads\/2017\/06\/Carola_Shooting_HP_sw-294x300.jpg\" alt=\"\" width=\"149\" height=\"152\" srcset=\"http:\/\/neu.bluegrass-breakdown.de\/wp-content\/uploads\/2017\/06\/Carola_Shooting_HP_sw-294x300.jpg 294w, http:\/\/neu.bluegrass-breakdown.de\/wp-content\/uploads\/2017\/06\/Carola_Shooting_HP_sw.jpg 349w\" sizes=\"(max-width: 149px) 100vw, 149px\" \/><\/h2>\n<p>Seit 2006 verst\u00e4rkt Carola Adam die Herren von \u201eBluegrass Breakdown\u201c an der Gitarre \u2013 und nat\u00fcrlich mit ihrer ausdrucksvollen und variationsreichen Stimme. In der Berliner Musikszene \u2013 und weit dar\u00fcber hinaus \u2013 ist Carola schon lange kein unbeschriebenes Blatt mehr.\u00a0Jazz, Rock, Blues, Pop, Country &#8211; es gibt kaum ein Genre, das Carola nicht schon mit Erfolg beackert h\u00e4tte. Derzeit ist sie unter anderem mit ihren Projekten <a href=\"http:\/\/www.carola-adam.de\/\">\u201eC.C. Adams&#8220;<\/a>, der \u201eC.C. Adams Band&#8220; und \u201eAdam&#8217;s Spirit&#8220; auf deutschen B\u00fchnen zu sehen.<\/p>\n<p><strong>Reinhard Arndt (bass, voc)<\/strong><br \/>\nF\u00fcr die tiefen T\u00f6ne zust\u00e4ndig ist das Gr\u00fcndungsmitglied <img decoding=\"async\" loading=\"lazy\" class=\"wp-image-118 alignright\" src=\"http:\/\/neu.bluegrass-breakdown.de\/wp-content\/uploads\/2017\/06\/reinhard_sw-233x300.jpg\" alt=\"\" width=\"149\" height=\"192\" srcset=\"http:\/\/neu.bluegrass-breakdown.de\/wp-content\/uploads\/2017\/06\/reinhard_sw-233x300.jpg 233w, http:\/\/neu.bluegrass-breakdown.de\/wp-content\/uploads\/2017\/06\/reinhard_sw.jpg 349w\" sizes=\"(max-width: 149px) 100vw, 149px\" \/>Reinhard Arndt &#8211; ob beim Gesang oder am Bass. Erste B\u00fchnenerfahrungen sammelte er in den Sechziger Jahren als Bassist der Rockgruppe \u201eThe Odds\u201c. Sp\u00e4ter folgten Auftritte mit verschiedenen Bluegrass-Bands in Berlin. Und ist er mal nicht musikalisch unterwegs, gilt seine ganze Leidenschaft der <a href=\"http:\/\/www.nature-pics.net\">Fotografie<\/a> &#8211; manchmal \u00fcber, aber meist unter Wasser.<\/p>\n<p><strong>Andreas Genrich (banjo, voc)<\/strong><br \/>\n<img decoding=\"async\" loading=\"lazy\" class=\" wp-image-115 alignright\" src=\"http:\/\/neu.bluegrass-breakdown.de\/wp-content\/uploads\/2017\/06\/andreas_sw-282x300.jpg\" alt=\"\" width=\"149\" height=\"159\" srcset=\"http:\/\/neu.bluegrass-breakdown.de\/wp-content\/uploads\/2017\/06\/andreas_sw-282x300.jpg 282w, http:\/\/neu.bluegrass-breakdown.de\/wp-content\/uploads\/2017\/06\/andreas_sw.jpg 350w\" sizes=\"(max-width: 149px) 100vw, 149px\" \/>Erste musikalische Erfahrungen hat Andreas Genrich schon im Kindesalter gesammelt. Zuerst an der klassischen Gitarre. Sp\u00e4ter dann mit dem Banjo, das er meisterlich beherrscht. Von Anfang der Siebziger Jahre an bei verschiedenen Bluegrass-Formationen f\u00fcr die schnellen Rolls zust\u00e4ndig ist er ebenfalls Gr\u00fcndungsmitglied von \u201eBluegrass Breakdown\u201c. Mit seinem Faible, den traditionellen Bluegrass-Sound f\u00fcr alle m\u00f6glichen Stilrichtungen aufzubohren, bringt er am Five-String und mit seinem Gesang den progressiven Sound in die Band.<\/p>\n<p><strong>Wolfgang Brenner (mandolin, voc)<\/strong><img decoding=\"async\" loading=\"lazy\" class=\" wp-image-116 alignright\" src=\"http:\/\/neu.bluegrass-breakdown.de\/wp-content\/uploads\/2017\/06\/Wolfgang_sw-239x300.jpg\" alt=\"\" width=\"149\" height=\"187\" srcset=\"http:\/\/neu.bluegrass-breakdown.de\/wp-content\/uploads\/2017\/06\/Wolfgang_sw-239x300.jpg 239w, http:\/\/neu.bluegrass-breakdown.de\/wp-content\/uploads\/2017\/06\/Wolfgang_sw.jpg 350w\" sizes=\"(max-width: 149px) 100vw, 149px\" \/><br \/>\nIm Fr\u00fchjahr 2015 stie\u00df Wolfgang Brenner zu der Band und arbeitete sich schnell in das riesige Repertoire ein, das \u201eBluegrass Breakdown&#8220; seit 33 Jahren angeh\u00e4uft hatte. Nach zehn Jahren Pause an der Mandoline, schlug er sich schon vor Corona mit Zoom-Unterrichtsstunden bei Matt Flinner, Joe K. Walsh und Mike Marshall die N\u00e4chte um die Ohren und bringt seither auch v\u00f6llig neue musikalische Aspekte in die Band. F\u00fcr \u201eBluegrass Breakdown&#8220; wieder ein echter Gewinn.<\/p>\n<p><strong>Daniel Friedrichs (fiddle, voc)<\/strong><br \/>\n<img decoding=\"async\" loading=\"lazy\" class=\"wp-image-117 alignright\" src=\"http:\/\/neu.bluegrass-breakdown.de\/wp-content\/uploads\/2017\/06\/daniel_sw-240x300.jpg\" alt=\"\" width=\"149\" height=\"186\" srcset=\"http:\/\/neu.bluegrass-breakdown.de\/wp-content\/uploads\/2017\/06\/daniel_sw-240x300.jpg 240w, http:\/\/neu.bluegrass-breakdown.de\/wp-content\/uploads\/2017\/06\/daniel_sw.jpg 349w\" sizes=\"(max-width: 149px) 100vw, 149px\" \/>Wenn Daniel nicht gerade mit uns musiziert, bringt er jungen und \u00e4lteren Menschen bei, wie man Geige und Ukulele spielt, leitet er das <a href=\"https:\/\/ukuleleorchester.wordpress.com\/\">Ukulele Orchester Pankow<\/a> oder denkt sich tolle Sachen f\u00fcr das <a href=\"http:\/\/www.composersorchestraberlin.com\/\">Composers&#8216; Orchestra Berlin<\/a> aus. Bluegrass-Grenzen sprengende musikalische Erfahrungen hat er \u00fcber lange Jahre bei den <a href=\"http:\/\/www.17hippies.de\/de\">17 Hippies<\/a> oder dem legend\u00e4ren und hochvirtuosen <a href=\"http:\/\/www.hotstringquintet.de\">Hot String Quintet<\/a> gesammelt. Und es hei\u00dft, er habe in Paris bei Marcel Marceau Pantomime studiert. Wir sind auf jeden Fall immer wieder \u00fcberrascht, was er seinem Instrument (jetzt auch mit f\u00fcnf Saiten!) so alles entlockt.<\/p>\n<p>Und dann ist da nat\u00fcrlich noch&#8230;<\/p>\n<p><strong>Markus Raatz (harp, voc)<\/strong><br \/>\n<img decoding=\"async\" loading=\"lazy\" class=\"wp-image-979 alignright\" src=\"http:\/\/neu.bluegrass-breakdown.de\/wp-content\/uploads\/2024\/09\/markus-265x300.jpeg\" alt=\"\" width=\"149\" height=\"169\" srcset=\"http:\/\/neu.bluegrass-breakdown.de\/wp-content\/uploads\/2024\/09\/markus-265x300.jpeg 265w, http:\/\/neu.bluegrass-breakdown.de\/wp-content\/uploads\/2024\/09\/markus-768x869.jpeg 768w, http:\/\/neu.bluegrass-breakdown.de\/wp-content\/uploads\/2024\/09\/markus.jpeg 851w\" sizes=\"(max-width: 149px) 100vw, 149px\" \/>Als Tausendsassa an Instrumenten und Gesang rettet der \u00fcberzeugte Berliner aus Friedenau uns nicht nur regelm\u00e4\u00dfig davor, bei kurzfristig eintretenden Malaisen k\u00f6rperlicher Art oder langfristig sich anbahnenden Termin\u00fcberschneidungen einen Auftritt absagen zu m\u00fcssen. Mit seinem Humor und Talent &#8211; und der jahrzehntelangen Erfahrung in Swing, Folk und nat\u00fcrlich auch Bluegrass in Formationen wie dem <a href=\"http:\/\/www.hotstringquintet.de\">Hot String Quintet<\/a> und <a href=\"https:\/\/www.rigsby.band\/\">Rigsby<\/a> &#8211; kann er bei uns auch endlich mal seine Bluesharp in der eher selteneren Tonart C-moll einsetzen.<\/p>\n","protected":false},"excerpt":{"rendered":"<p>\u201eBluegrass Breakdown&#8220; sind: Carola Adam (guitar, voc) Seit 2006 verst\u00e4rkt Carola Adam die Herren von \u201eBluegrass Breakdown\u201c an der Gitarre \u2013 und nat\u00fcrlich mit ihrer ausdrucksvollen und variationsreichen Stimme. In der Berliner Musikszene \u2013 und weit dar\u00fcber hinaus \u2013 ist Carola schon lange kein unbeschriebenes Blatt mehr.\u00a0Jazz, Rock, Blues, Pop, Country &#8211; es gibt kaum [&hellip;]<\/p>\n","protected":false},"author":1,"featured_media":0,"parent":0,"menu_order":0,"comment_status":"closed","ping_status":"closed","template":"","meta":{"_monsterinsights_skip_tracking":false,"_monsterinsights_sitenote_active":false,"_monsterinsights_sitenote_note":"","_monsterinsights_sitenote_category":0,"footnotes":""},"yoast_head":"<!-- This site is optimized with the Yoast SEO plugin v21.5 - https:\/\/yoast.com\/wordpress\/plugins\/seo\/ -->\n<title>BAND - Bluegrass Breakdown<\/title>\n<meta name=\"robots\" content=\"index, follow, max-snippet:-1, max-image-preview:large, max-video-preview:-1\" \/>\n<link rel=\"canonical\" href=\"http:\/\/www.bluegrass-breakdown.de\/?page_id=40\" \/>\n<meta property=\"og:locale\" content=\"de_DE\" \/>\n<meta property=\"og:type\" content=\"article\" \/>\n<meta property=\"og:title\" content=\"BAND - Bluegrass Breakdown\" \/>\n<meta property=\"og:description\" content=\"\u201eBluegrass Breakdown&#8220; sind: Carola Adam (guitar, voc) Seit 2006 verst\u00e4rkt Carola Adam die Herren von \u201eBluegrass Breakdown\u201c an der Gitarre \u2013 und nat\u00fcrlich mit ihrer ausdrucksvollen und variationsreichen Stimme. In der Berliner Musikszene \u2013 und weit dar\u00fcber hinaus \u2013 ist Carola schon lange kein unbeschriebenes Blatt mehr.\u00a0Jazz, Rock, Blues, Pop, Country &#8211; es gibt kaum [&hellip;]\" \/>\n<meta property=\"og:url\" content=\"http:\/\/www.bluegrass-breakdown.de\/?page_id=40\" \/>\n<meta property=\"og:site_name\" content=\"Bluegrass Breakdown\" \/>\n<meta property=\"article:modified_time\" content=\"2024-11-14T17:10:25+00:00\" \/>\n<meta property=\"og:image\" content=\"http:\/\/neu.bluegrass-breakdown.de\/wp-content\/uploads\/2017\/06\/Carola_Shooting_HP_sw-294x300.jpg\" \/>\n<meta name=\"twitter:card\" content=\"summary_large_image\" \/>\n<meta name=\"twitter:label1\" content=\"Gesch\u00e4tzte Lesezeit\" \/>\n\t<meta name=\"twitter:data1\" content=\"4\u00a0Minuten\" \/>\n<script type=\"application\/ld+json\" class=\"yoast-schema-graph\">{\"@context\":\"https:\/\/schema.org\",\"@graph\":[{\"@type\":\"WebPage\",\"@id\":\"http:\/\/www.bluegrass-breakdown.de\/?page_id=40\",\"url\":\"http:\/\/www.bluegrass-breakdown.de\/?page_id=40\",\"name\":\"BAND - Bluegrass Breakdown\",\"isPartOf\":{\"@id\":\"http:\/\/www.bluegrass-breakdown.de\/#website\"},\"datePublished\":\"2017-06-01T07:57:05+00:00\",\"dateModified\":\"2024-11-14T17:10:25+00:00\",\"breadcrumb\":{\"@id\":\"http:\/\/www.bluegrass-breakdown.de\/?page_id=40#breadcrumb\"},\"inLanguage\":\"de\",\"potentialAction\":[{\"@type\":\"ReadAction\",\"target\":[\"http:\/\/www.bluegrass-breakdown.de\/?page_id=40\"]}]},{\"@type\":\"BreadcrumbList\",\"@id\":\"http:\/\/www.bluegrass-breakdown.de\/?page_id=40#breadcrumb\",\"itemListElement\":[{\"@type\":\"ListItem\",\"position\":1,\"name\":\"Startseite\",\"item\":\"http:\/\/www.bluegrass-breakdown.de\/\"},{\"@type\":\"ListItem\",\"position\":2,\"name\":\"BAND\"}]},{\"@type\":\"WebSite\",\"@id\":\"http:\/\/www.bluegrass-breakdown.de\/#website\",\"url\":\"http:\/\/www.bluegrass-breakdown.de\/\",\"name\":\"Bluegrass Breakdown\",\"description\":\"Bluegrass aus Berlin     handgemacht seit 1982\",\"publisher\":{\"@id\":\"http:\/\/www.bluegrass-breakdown.de\/#organization\"},\"potentialAction\":[{\"@type\":\"SearchAction\",\"target\":{\"@type\":\"EntryPoint\",\"urlTemplate\":\"http:\/\/www.bluegrass-breakdown.de\/?s={search_term_string}\"},\"query-input\":\"required name=search_term_string\"}],\"inLanguage\":\"de\"},{\"@type\":\"Organization\",\"@id\":\"http:\/\/www.bluegrass-breakdown.de\/#organization\",\"name\":\"Bluegrass Breakdown\",\"url\":\"http:\/\/www.bluegrass-breakdown.de\/\",\"logo\":{\"@type\":\"ImageObject\",\"inLanguage\":\"de\",\"@id\":\"http:\/\/www.bluegrass-breakdown.de\/#\/schema\/logo\/image\/\",\"url\":\"\",\"contentUrl\":\"\",\"caption\":\"Bluegrass Breakdown\"},\"image\":{\"@id\":\"http:\/\/www.bluegrass-breakdown.de\/#\/schema\/logo\/image\/\"}}]}<\/script>\n<!-- \/ Yoast SEO plugin. -->","yoast_head_json":{"title":"BAND - Bluegrass Breakdown","robots":{"index":"index","follow":"follow","max-snippet":"max-snippet:-1","max-image-preview":"max-image-preview:large","max-video-preview":"max-video-preview:-1"},"canonical":"http:\/\/www.bluegrass-breakdown.de\/?page_id=40","og_locale":"de_DE","og_type":"article","og_title":"BAND - Bluegrass Breakdown","og_description":"\u201eBluegrass Breakdown&#8220; sind: Carola Adam (guitar, voc) Seit 2006 verst\u00e4rkt Carola Adam die Herren von \u201eBluegrass Breakdown\u201c an der Gitarre \u2013 und nat\u00fcrlich mit ihrer ausdrucksvollen und variationsreichen Stimme. In der Berliner Musikszene \u2013 und weit dar\u00fcber hinaus \u2013 ist Carola schon lange kein unbeschriebenes Blatt mehr.\u00a0Jazz, Rock, Blues, Pop, Country &#8211; es gibt kaum [&hellip;]","og_url":"http:\/\/www.bluegrass-breakdown.de\/?page_id=40","og_site_name":"Bluegrass Breakdown","article_modified_time":"2024-11-14T17:10:25+00:00","og_image":[{"url":"http:\/\/neu.bluegrass-breakdown.de\/wp-content\/uploads\/2017\/06\/Carola_Shooting_HP_sw-294x300.jpg"}],"twitter_card":"summary_large_image","twitter_misc":{"Gesch\u00e4tzte Lesezeit":"4\u00a0Minuten"},"schema":{"@context":"https:\/\/schema.org","@graph":[{"@type":"WebPage","@id":"http:\/\/www.bluegrass-breakdown.de\/?page_id=40","url":"http:\/\/www.bluegrass-breakdown.de\/?page_id=40","name":"BAND - Bluegrass Breakdown","isPartOf":{"@id":"http:\/\/www.bluegrass-breakdown.de\/#website"},"datePublished":"2017-06-01T07:57:05+00:00","dateModified":"2024-11-14T17:10:25+00:00","breadcrumb":{"@id":"http:\/\/www.bluegrass-breakdown.de\/?page_id=40#breadcrumb"},"inLanguage":"de","potentialAction":[{"@type":"ReadAction","target":["http:\/\/www.bluegrass-breakdown.de\/?page_id=40"]}]},{"@type":"BreadcrumbList","@id":"http:\/\/www.bluegrass-breakdown.de\/?page_id=40#breadcrumb","itemListElement":[{"@type":"ListItem","position":1,"name":"Startseite","item":"http:\/\/www.bluegrass-breakdown.de\/"},{"@type":"ListItem","position":2,"name":"BAND"}]},{"@type":"WebSite","@id":"http:\/\/www.bluegrass-breakdown.de\/#website","url":"http:\/\/www.bluegrass-breakdown.de\/","name":"Bluegrass Breakdown","description":"Bluegrass aus Berlin     handgemacht seit 1982","publisher":{"@id":"http:\/\/www.bluegrass-breakdown.de\/#organization"},"potentialAction":[{"@type":"SearchAction","target":{"@type":"EntryPoint","urlTemplate":"http:\/\/www.bluegrass-breakdown.de\/?s={search_term_string}"},"query-input":"required name=search_term_string"}],"inLanguage":"de"},{"@type":"Organization","@id":"http:\/\/www.bluegrass-breakdown.de\/#organization","name":"Bluegrass Breakdown","url":"http:\/\/www.bluegrass-breakdown.de\/","logo":{"@type":"ImageObject","inLanguage":"de","@id":"http:\/\/www.bluegrass-breakdown.de\/#\/schema\/logo\/image\/","url":"","contentUrl":"","caption":"Bluegrass Breakdown"},"image":{"@id":"http:\/\/www.bluegrass-breakdown.de\/#\/schema\/logo\/image\/"}}]}},"_links":{"self":[{"href":"http:\/\/www.bluegrass-breakdown.de\/index.php?rest_route=\/wp\/v2\/pages\/40"}],"collection":[{"href":"http:\/\/www.bluegrass-breakdown.de\/index.php?rest_route=\/wp\/v2\/pages"}],"about":[{"href":"http:\/\/www.bluegrass-breakdown.de\/index.php?rest_route=\/wp\/v2\/types\/page"}],"author":[{"embeddable":true,"href":"http:\/\/www.bluegrass-breakdown.de\/index.php?rest_route=\/wp\/v2\/users\/1"}],"replies":[{"embeddable":true,"href":"http:\/\/www.bluegrass-breakdown.de\/index.php?rest_route=%2Fwp%2Fv2%2Fcomments&post=40"}],"version-history":[{"count":18,"href":"http:\/\/www.bluegrass-breakdown.de\/index.php?rest_route=\/wp\/v2\/pages\/40\/revisions"}],"predecessor-version":[{"id":1008,"href":"http:\/\/www.bluegrass-breakdown.de\/index.php?rest_route=\/wp\/v2\/pages\/40\/revisions\/1008"}],"wp:attachment":[{"href":"http:\/\/www.bluegrass-breakdown.de\/index.php?rest_route=%2Fwp%2Fv2%2Fmedia&parent=40"}],"curies":[{"name":"wp","href":"https:\/\/api.w.org\/{rel}","templated":true}]}}