{"id":42,"date":"2017-06-01T07:57:05","date_gmt":"2017-06-01T07:57:05","guid":{"rendered":"http:\/\/neu.bluegrass-breakdown.de\/?page_id=42"},"modified":"2019-01-03T13:57:18","modified_gmt":"2019-01-03T13:57:18","slug":"kontakt","status":"publish","type":"page","link":"http:\/\/www.bluegrass-breakdown.de\/?page_id=42","title":{"rendered":"IMPRESSUM \/ KONTAKT"},"content":{"rendered":"<div role=\"form\" class=\"wpcf7\" id=\"wpcf7-f110-o1\" lang=\"de-DE\" dir=\"ltr\">\n<div class=\"screen-reader-response\"><p role=\"status\" aria-live=\"polite\" aria-atomic=\"true\"><\/p> <ul><\/ul><\/div>\n<form action=\"\/index.php?rest_route=%2Fwp%2Fv2%2Fpages%2F42#wpcf7-f110-o1\" method=\"post\" class=\"wpcf7-form init\" novalidate=\"novalidate\" data-status=\"init\">\n<div style=\"display: none;\">\n<input type=\"hidden\" name=\"_wpcf7\" value=\"110\" \/>\n<input type=\"hidden\" name=\"_wpcf7_version\" value=\"5.6.4\" \/>\n<input type=\"hidden\" name=\"_wpcf7_locale\" value=\"de_DE\" \/>\n<input type=\"hidden\" name=\"_wpcf7_unit_tag\" value=\"wpcf7-f110-o1\" \/>\n<input type=\"hidden\" name=\"_wpcf7_container_post\" value=\"0\" \/>\n<input type=\"hidden\" name=\"_wpcf7_posted_data_hash\" value=\"\" \/>\n<\/div>\n<p><label> Ihr Name (Pflichtfeld)<br \/>\n    <span class=\"wpcf7-form-control-wrap\" data-name=\"your-name\"><input type=\"text\" name=\"your-name\" value=\"\" size=\"40\" class=\"wpcf7-form-control wpcf7-text wpcf7-validates-as-required\" aria-required=\"true\" aria-invalid=\"false\" \/><\/span> <\/label><\/p>\n<p><label> Ihre E-Mail-Adresse (Pflichtfeld)<br \/>\n    <span class=\"wpcf7-form-control-wrap\" data-name=\"your-email\"><input type=\"email\" name=\"your-email\" value=\"\" size=\"40\" class=\"wpcf7-form-control wpcf7-text wpcf7-email wpcf7-validates-as-required wpcf7-validates-as-email\" aria-required=\"true\" aria-invalid=\"false\" \/><\/span> <\/label><\/p>\n<p><label> Betreff<br \/>\n    <span class=\"wpcf7-form-control-wrap\" data-name=\"your-subject\"><input type=\"text\" name=\"your-subject\" value=\"\" size=\"40\" class=\"wpcf7-form-control wpcf7-text\" aria-invalid=\"false\" \/><\/span> <\/label><\/p>\n<p><label> Ihre Nachricht<br \/>\n    <span class=\"wpcf7-form-control-wrap\" data-name=\"your-message\"><textarea name=\"your-message\" cols=\"40\" rows=\"10\" class=\"wpcf7-form-control wpcf7-textarea\" aria-invalid=\"false\"><\/textarea><\/span> <\/label><\/p>\n<p><input type=\"submit\" value=\"Senden\" class=\"wpcf7-form-control has-spinner wpcf7-submit\" \/><\/p>\n<div class=\"wpcf7-response-output\" aria-hidden=\"true\"><\/div><\/form><\/div>\n<p>Reinhard Arndt<br \/>\nAm Britzer Garten 8<br \/>\n12347 Berlin<br \/>\nTel. +4930 741 78 47<br \/>\n<img decoding=\"async\" loading=\"lazy\" class=\"alignnone size-full wp-image-687\" src=\"http:\/\/neu.bluegrass-breakdown.de\/wp-content\/uploads\/2019\/01\/kontakt.gif\" alt=\"\" width=\"234\" height=\"17\" \/><\/p>\n<p>Inhaltlich Verantwortlicher gem\u00e4\u00df \u00a75 TMG: Reinhard Arndt (Anschrift wie oben)<\/p>\n<p>Als Diensteanbieter sind wir gem\u00e4\u00df \u00a7 7 Abs.1 TMG f\u00fcr eigene Inhalte auf diesen Seiten nach den allgemeinen Gesetzen verantwortlich. Nach \u00a7\u00a7 8 bis 10 TMG sind wir als Diensteanbieter jedoch nicht verpflichtet, \u00fcbermittelte oder gespeicherte fremde Informationen zu \u00fcberwachen oder nach Umst\u00e4nden zu forschen, die auf eine rechtswidrige T\u00e4tigkeit hinweisen.<\/p>\n<p>Verpflichtungen zur Entfernung oder Sperrung der Nutzung von Informationen nach den allgemeinen Gesetzen bleiben hiervon unber\u00fchrt. Eine diesbez\u00fcgliche Haftung ist jedoch erst ab dem Zeitpunkt der Kenntnis einer konkreten Rechtsverletzung m\u00f6glich. Bei Bekanntwerden von entsprechenden Rechtsverletzungen werden wir diese Inhalte umgehend entfernen.<\/p>\n<p><strong>Haftung f\u00fcr Links<\/strong><br \/>\nUnser Angebot enth\u00e4lt Links zu externen Webseiten Dritter, auf deren Inhalte wir keinen Einfluss haben. Deshalb k\u00f6nnen wir f\u00fcr diese fremden Inhalte auch keine Gew\u00e4hr \u00fcbernehmen. F\u00fcr die Inhalte der verlinkten Seiten ist stets der jeweilige Anbieter oder Betreiber der Seiten verantwortlich. Die verlinkten Seiten wurden zum Zeitpunkt der Verlinkung auf m\u00f6gliche Rechtsverst\u00f6\u00dfe \u00fcberpr\u00fcft. Rechtswidrige Inhalte waren zum Zeitpunkt der Verlinkung nicht erkennbar.<\/p>\n<p>Eine permanente inhaltliche Kontrolle der verlinkten Seiten ist jedoch ohne konkrete Anhaltspunkte einer Rechtsverletzung nicht zumutbar. Bei Bekanntwerden von Rechtsverletzungen werden wir derartige Links umgehend entfernen.<\/p>\n<p><strong>Urheberrecht<\/strong><br \/>\nDie durch die Seitenbetreiber erstellten Inhalte und Werke auf diesen Seiten unterliegen dem deutschen Urheberrecht. Die Vervielf\u00e4ltigung, Bearbeitung, Verbreitung und jede Art der Verwertung au\u00dferhalb der Grenzen des Urheberrechtes bed\u00fcrfen der schriftlichen Zustimmung des jeweiligen Autors bzw. Erstellers. Downloads und Kopien dieser Seite sind nur f\u00fcr den privaten, nicht kommerziellen Gebrauch gestattet.<\/p>\n<p>Soweit die Inhalte auf dieser Seite nicht vom Betreiber erstellt wurden, werden die Urheberrechte Dritter beachtet. Insbesondere werden Inhalte Dritter als solche gekennzeichnet. Sollten Sie trotzdem auf eine Urheberrechtsverletzung aufmerksam werden, bitten wir um einen entsprechenden Hinweis. Bei Bekanntwerden von Rechtsverletzungen werden wir derartige Inhalte umgehend entfernen.\u00a0<em>Quelle: e-recht24.de<\/em><\/p>\n","protected":false},"excerpt":{"rendered":"<p>Reinhard Arndt Am Britzer Garten 8 12347 Berlin Tel. +4930 741 78 47 Inhaltlich Verantwortlicher gem\u00e4\u00df \u00a75 TMG: Reinhard Arndt (Anschrift wie oben) Als Diensteanbieter sind wir gem\u00e4\u00df \u00a7 7 Abs.1 TMG f\u00fcr eigene Inhalte auf diesen Seiten nach den allgemeinen Gesetzen verantwortlich. Nach \u00a7\u00a7 8 bis 10 TMG sind wir als Diensteanbieter jedoch nicht [&hellip;]<\/p>\n","protected":false},"author":1,"featured_media":0,"parent":0,"menu_order":0,"comment_status":"closed","ping_status":"closed","template":"","meta":{"_monsterinsights_skip_tracking":false,"_monsterinsights_sitenote_active":false,"_monsterinsights_sitenote_note":"","_monsterinsights_sitenote_category":0,"footnotes":""},"yoast_head":"<!-- This site is optimized with the Yoast SEO plugin v21.5 - https:\/\/yoast.com\/wordpress\/plugins\/seo\/ -->\n<title>IMPRESSUM \/ KONTAKT - Bluegrass Breakdown<\/title>\n<meta name=\"robots\" content=\"index, follow, max-snippet:-1, max-image-preview:large, max-video-preview:-1\" \/>\n<link rel=\"canonical\" href=\"http:\/\/www.bluegrass-breakdown.de\/?page_id=42\" \/>\n<meta property=\"og:locale\" content=\"de_DE\" \/>\n<meta property=\"og:type\" content=\"article\" \/>\n<meta property=\"og:title\" content=\"IMPRESSUM \/ KONTAKT - Bluegrass Breakdown\" \/>\n<meta property=\"og:description\" content=\"Reinhard Arndt Am Britzer Garten 8 12347 Berlin Tel. +4930 741 78 47 Inhaltlich Verantwortlicher gem\u00e4\u00df \u00a75 TMG: Reinhard Arndt (Anschrift wie oben) Als Diensteanbieter sind wir gem\u00e4\u00df \u00a7 7 Abs.1 TMG f\u00fcr eigene Inhalte auf diesen Seiten nach den allgemeinen Gesetzen verantwortlich. Nach \u00a7\u00a7 8 bis 10 TMG sind wir als Diensteanbieter jedoch nicht [&hellip;]\" \/>\n<meta property=\"og:url\" content=\"http:\/\/www.bluegrass-breakdown.de\/?page_id=42\" \/>\n<meta property=\"og:site_name\" content=\"Bluegrass Breakdown\" \/>\n<meta property=\"article:modified_time\" content=\"2019-01-03T13:57:18+00:00\" \/>\n<meta property=\"og:image\" content=\"http:\/\/neu.bluegrass-breakdown.de\/wp-content\/uploads\/2019\/01\/kontakt.gif\" \/>\n<meta name=\"twitter:card\" content=\"summary_large_image\" \/>\n<meta name=\"twitter:label1\" content=\"Gesch\u00e4tzte Lesezeit\" \/>\n\t<meta name=\"twitter:data1\" content=\"2\u00a0Minuten\" \/>\n<script type=\"application\/ld+json\" class=\"yoast-schema-graph\">{\"@context\":\"https:\/\/schema.org\",\"@graph\":[{\"@type\":\"WebPage\",\"@id\":\"http:\/\/www.bluegrass-breakdown.de\/?page_id=42\",\"url\":\"http:\/\/www.bluegrass-breakdown.de\/?page_id=42\",\"name\":\"IMPRESSUM \/ KONTAKT - Bluegrass Breakdown\",\"isPartOf\":{\"@id\":\"http:\/\/www.bluegrass-breakdown.de\/#website\"},\"datePublished\":\"2017-06-01T07:57:05+00:00\",\"dateModified\":\"2019-01-03T13:57:18+00:00\",\"breadcrumb\":{\"@id\":\"http:\/\/www.bluegrass-breakdown.de\/?page_id=42#breadcrumb\"},\"inLanguage\":\"de\",\"potentialAction\":[{\"@type\":\"ReadAction\",\"target\":[\"http:\/\/www.bluegrass-breakdown.de\/?page_id=42\"]}]},{\"@type\":\"BreadcrumbList\",\"@id\":\"http:\/\/www.bluegrass-breakdown.de\/?page_id=42#breadcrumb\",\"itemListElement\":[{\"@type\":\"ListItem\",\"position\":1,\"name\":\"Startseite\",\"item\":\"http:\/\/www.bluegrass-breakdown.de\/\"},{\"@type\":\"ListItem\",\"position\":2,\"name\":\"IMPRESSUM \/ KONTAKT\"}]},{\"@type\":\"WebSite\",\"@id\":\"http:\/\/www.bluegrass-breakdown.de\/#website\",\"url\":\"http:\/\/www.bluegrass-breakdown.de\/\",\"name\":\"Bluegrass Breakdown\",\"description\":\"Bluegrass aus Berlin     handgemacht seit 1982\",\"publisher\":{\"@id\":\"http:\/\/www.bluegrass-breakdown.de\/#organization\"},\"potentialAction\":[{\"@type\":\"SearchAction\",\"target\":{\"@type\":\"EntryPoint\",\"urlTemplate\":\"http:\/\/www.bluegrass-breakdown.de\/?s={search_term_string}\"},\"query-input\":\"required name=search_term_string\"}],\"inLanguage\":\"de\"},{\"@type\":\"Organization\",\"@id\":\"http:\/\/www.bluegrass-breakdown.de\/#organization\",\"name\":\"Bluegrass Breakdown\",\"url\":\"http:\/\/www.bluegrass-breakdown.de\/\",\"logo\":{\"@type\":\"ImageObject\",\"inLanguage\":\"de\",\"@id\":\"http:\/\/www.bluegrass-breakdown.de\/#\/schema\/logo\/image\/\",\"url\":\"\",\"contentUrl\":\"\",\"caption\":\"Bluegrass Breakdown\"},\"image\":{\"@id\":\"http:\/\/www.bluegrass-breakdown.de\/#\/schema\/logo\/image\/\"}}]}<\/script>\n<!-- \/ Yoast SEO plugin. -->","yoast_head_json":{"title":"IMPRESSUM \/ KONTAKT - Bluegrass Breakdown","robots":{"index":"index","follow":"follow","max-snippet":"max-snippet:-1","max-image-preview":"max-image-preview:large","max-video-preview":"max-video-preview:-1"},"canonical":"http:\/\/www.bluegrass-breakdown.de\/?page_id=42","og_locale":"de_DE","og_type":"article","og_title":"IMPRESSUM \/ KONTAKT - Bluegrass Breakdown","og_description":"Reinhard Arndt Am Britzer Garten 8 12347 Berlin Tel. +4930 741 78 47 Inhaltlich Verantwortlicher gem\u00e4\u00df \u00a75 TMG: Reinhard Arndt (Anschrift wie oben) Als Diensteanbieter sind wir gem\u00e4\u00df \u00a7 7 Abs.1 TMG f\u00fcr eigene Inhalte auf diesen Seiten nach den allgemeinen Gesetzen verantwortlich. Nach \u00a7\u00a7 8 bis 10 TMG sind wir als Diensteanbieter jedoch nicht [&hellip;]","og_url":"http:\/\/www.bluegrass-breakdown.de\/?page_id=42","og_site_name":"Bluegrass Breakdown","article_modified_time":"2019-01-03T13:57:18+00:00","og_image":[{"url":"http:\/\/neu.bluegrass-breakdown.de\/wp-content\/uploads\/2019\/01\/kontakt.gif"}],"twitter_card":"summary_large_image","twitter_misc":{"Gesch\u00e4tzte Lesezeit":"2\u00a0Minuten"},"schema":{"@context":"https:\/\/schema.org","@graph":[{"@type":"WebPage","@id":"http:\/\/www.bluegrass-breakdown.de\/?page_id=42","url":"http:\/\/www.bluegrass-breakdown.de\/?page_id=42","name":"IMPRESSUM \/ KONTAKT - Bluegrass Breakdown","isPartOf":{"@id":"http:\/\/www.bluegrass-breakdown.de\/#website"},"datePublished":"2017-06-01T07:57:05+00:00","dateModified":"2019-01-03T13:57:18+00:00","breadcrumb":{"@id":"http:\/\/www.bluegrass-breakdown.de\/?page_id=42#breadcrumb"},"inLanguage":"de","potentialAction":[{"@type":"ReadAction","target":["http:\/\/www.bluegrass-breakdown.de\/?page_id=42"]}]},{"@type":"BreadcrumbList","@id":"http:\/\/www.bluegrass-breakdown.de\/?page_id=42#breadcrumb","itemListElement":[{"@type":"ListItem","position":1,"name":"Startseite","item":"http:\/\/www.bluegrass-breakdown.de\/"},{"@type":"ListItem","position":2,"name":"IMPRESSUM \/ KONTAKT"}]},{"@type":"WebSite","@id":"http:\/\/www.bluegrass-breakdown.de\/#website","url":"http:\/\/www.bluegrass-breakdown.de\/","name":"Bluegrass Breakdown","description":"Bluegrass aus Berlin     handgemacht seit 1982","publisher":{"@id":"http:\/\/www.bluegrass-breakdown.de\/#organization"},"potentialAction":[{"@type":"SearchAction","target":{"@type":"EntryPoint","urlTemplate":"http:\/\/www.bluegrass-breakdown.de\/?s={search_term_string}"},"query-input":"required name=search_term_string"}],"inLanguage":"de"},{"@type":"Organization","@id":"http:\/\/www.bluegrass-breakdown.de\/#organization","name":"Bluegrass Breakdown","url":"http:\/\/www.bluegrass-breakdown.de\/","logo":{"@type":"ImageObject","inLanguage":"de","@id":"http:\/\/www.bluegrass-breakdown.de\/#\/schema\/logo\/image\/","url":"","contentUrl":"","caption":"Bluegrass Breakdown"},"image":{"@id":"http:\/\/www.bluegrass-breakdown.de\/#\/schema\/logo\/image\/"}}]}},"_links":{"self":[{"href":"http:\/\/www.bluegrass-breakdown.de\/index.php?rest_route=\/wp\/v2\/pages\/42"}],"collection":[{"href":"http:\/\/www.bluegrass-breakdown.de\/index.php?rest_route=\/wp\/v2\/pages"}],"about":[{"href":"http:\/\/www.bluegrass-breakdown.de\/index.php?rest_route=\/wp\/v2\/types\/page"}],"author":[{"embeddable":true,"href":"http:\/\/www.bluegrass-breakdown.de\/index.php?rest_route=\/wp\/v2\/users\/1"}],"replies":[{"embeddable":true,"href":"http:\/\/www.bluegrass-breakdown.de\/index.php?rest_route=%2Fwp%2Fv2%2Fcomments&post=42"}],"version-history":[{"count":7,"href":"http:\/\/www.bluegrass-breakdown.de\/index.php?rest_route=\/wp\/v2\/pages\/42\/revisions"}],"predecessor-version":[{"id":691,"href":"http:\/\/www.bluegrass-breakdown.de\/index.php?rest_route=\/wp\/v2\/pages\/42\/revisions\/691"}],"wp:attachment":[{"href":"http:\/\/www.bluegrass-breakdown.de\/index.php?rest_route=%2Fwp%2Fv2%2Fmedia&parent=42"}],"curies":[{"name":"wp","href":"https:\/\/api.w.org\/{rel}","templated":true}]}}